{"id":322,"date":"2022-11-18T14:59:13","date_gmt":"2022-11-18T14:59:13","guid":{"rendered":"https:\/\/www.hotelavenida.com\/politica-cookies-avenida\/"},"modified":"2022-11-18T15:08:20","modified_gmt":"2022-11-18T15:08:20","slug":"politica-cookies-avenida","status":"publish","type":"page","link":"https:\/\/avenida-es-hotel.ms.decms.eu\/en\/politica-cookies-avenida\/","title":{"rendered":"Politica Cookies Avenida"},"content":{"rendered":"<p><strong>Informacion detallada del tratamiento de los Datos Personales<\/strong><\/p>\n<p>Se recogen Datos Personales para las siguientes finalidades y utilizando los siguientes servicios: Estadfsticas<\/p>\n<p>Los servicios contenidos en esta seccion permiten al Titular monitorizar y analizar el trafico web y pueden ser utilizados para rastrear el comportamiento del Usuario.<\/p>\n<div id=\"macaron_inline_cookie_box\"><\/div>\n<p>&nbsp;<\/p>\n<p><strong>Google Analytics (Google Inc.)<\/strong><\/p>\n<p>Google Analytics es un servicio de an\u00e2lisis web prestado por Google Inc. (\u201cGoogle\u201d). Google utiliza los Datos recogidos para rastrear y examinar el uso de esta Pagina Web, para preparar informes de sus actividades y compartirlos con otros servicios de Google.<\/p>\n<p>Google puede utilizar los Datos recogidos para contextualizar y personalizar los anuncios de su propia red de publicidad.<\/p>\n<p>Datos Personales recogidos: Cookie y Datos de Uso.<\/p>\n<p>Lugar de tratamiento: EE.UU. \u2014 <u>Polftica de privacidad<\/u> (<u>https:\/\/policies.googIe.com\/privacy*hI=es<\/u>) \u2014<u>Opt Out<\/u> (<u>https:\/\/tools.googIe.com\/dIpage\/gaoptout?hI=es<\/u>)<\/p>\n<p><strong>Interacci\u00e9n con <\/strong>redes sociales y plataformas externas<\/p>\n<p>Este tipo de servicios permiten interactuar con redes sociales u otras plataformas externas directamente desde las p\u00e2ginas de esta Pagina Web.<\/p>\n<p>Las interacciones y la informacion obtenida por esta Pagina Web siempre estaran sometidas a la configuracion de privacidad del Usuario en cada red social.<\/p>\n<p>En caso de que se instale un servicio que permita interactuar con redes sociales, es posible que aunque los Usuarios no utilicen el servicio, \u00e9ste recoja datos de trafico web relativos a las p\u00e2ginas en las que est\u00e9n instalados.<\/p>\n<p>Bot\u00e9n \u201cMe gusta\u201d y widgets sociales de Facebook<\/p>\n<p>El boton \u201cMe gusta\u201d y los widgets sociales de Facebook son servicios de interaccion con la red social Facebook, prestados por Facebook, Inc.<\/p>\n<p>Datos Personales recogidos: Cookie y Datos de Uso.<\/p>\n<p>Lugar de tratamiento: EE.UU. \u2014 Polftica de privacidad (<a href=\"http:\/\/www.facebook.com\/privacy\/explanation)\">https:\/\/www.facebook.com\/privacy\/explanation<\/a>)<\/p>\n<p>Boton Tweet y widgets sociales de Twitter (Twitter, Inc.)<\/p>\n<p>El boton Tweet y los widgets sociales de Twitter son servicios de interaccion con la red social Twitter, prestados por Twitter, Inc.<\/p>\n<p>Datos Personales recogidos: Cookie y Datos de uso.<\/p>\n<p>Lugar de tratamiento: EE.UU. \u2014 <u>https:\/\/twitter.com\/es\/privacy<\/u><\/p>\n<p><strong>Visualizar contenidos de plataformas externas<\/strong><\/p>\n<p>Este tipo de servicios permiten visualizar contenidos alojados en plataformas externas directamente desde las p\u00e2ginas de esta Pagina Web e interactuar con estos.<\/p>\n<p>En caso de que se instale uno de estos servicios, es posible que aunque los Usuarios no utilicen el servicio, \u00e9ste recoja datos de trafico web relativos a las p\u00e2ginas en las que est\u00e9n instalados.<\/p>\n<p>Widget Vfdeo YouTube (Google Inc.)<\/p>\n<p>YouTube es un servicio de visualizacion de video prestado por Google Inc. que permite a esta Pagina Web incorporar tales contenidos en las propias p\u00e2ginas.<\/p>\n<p>Datos Personales recogidos: Cookie y Datos de Uso.<\/p>\n<p>Lugar de tratamiento: EE.UU. \u2014 <a href=\"http:\/\/www.youtube.com\/intI\/ALL\">https:\/\/www.youtube.com\/intI\/ALL<\/a> es\/howyoutubeworks\/user-settings\/privacy\/<\/p>\n<p>&nbsp;<\/p>\n<p>&nbsp;<\/p>\n<p><strong>Widget Google Maps (Google Inc.)<br \/>\nGoogle Maps es un servicio de visualizacion de mapas prestado por Google Inc. que permite a esta Pagina Web incorporar tales contenidos en las propias p\u00e2ginas.<\/strong><br \/>\nDatos Personales recogidos: Cookie y Datos de Uso.<\/p>\n<p>Lugar de tratamiento: EE.UU. \u2014 https:\/\/policies.googIe.com\/technologies\/location-data?hI=en-US Widget Instagram (Instagram, Inc.)<\/p>\n<p>Instagram es un servicio de visualizacion de im\u00e2genes operado por Instagram, Inc. que permite a esta Aplicacion integrar este contenido en sus propias p\u00e2ginas.<\/p>\n<p>Datos Personales recogidos: Cookies y Datos de uso.<\/p>\n<p>Lugar del tratamiento: Estados Unidos \u2014 https:\/\/help.instagram.com\/519522125107875\/?maybe_redirect_pol=0<\/p>\n<p>\u00bfComo administrar las cookies*<\/p>\n<p>El usuario tiene la opcion de permitir, bloquear o eliminar las cookies instaladas en su dispositivo a trav\u00e9s del siguiente panel de configuracion: <u>AJUSTES<\/u><\/p>\n<p>Adem\u00e2s, el usuario tiene la opcion de permitir, bloquear o eliminar las cookies instaladas en su equipo mediante la configuracion de las opciones del navegador instalado en su terminal. Para obtener mas informacion, consulte las instrucciones y manuales de su navegador para ampliar esta informacion:<\/p>\n<p>Google Chrome: <u>https:\/\/support.googIe.com\/chrome\/answer\/95647?hI=es<\/u><\/p>\n<p>Mozilla Firefox: <u>https:\/\/support.moziIIa.org\/es\/kb\/habilitar-y-deshabilitar-cookies-sitios-web-rastrear-<\/u> <u>preferencias?redirectslug=habiIitar-y-deshabiIitar-cookies-que-Ios-sitios-we&amp;redirectIocaIe=es<\/u><\/p>\n<p>Internet Explorer: <u>https:\/\/support.microsoft.com\/es-es\/topic\/eIiminar-y-administrar-cookies-168dab11-0753-043d-<\/u> <u>7c16-ede5947fc64d<\/u><\/p>\n<p>Safari: <u>https:\/\/support.apple.com\/es-es\/guide\/safari\/sfri11471\/mac<\/u><\/p>\n<p>Safari para IOS (iPhone y iPad): <u>https:\/\/support.apple.com\/es-es\/HT201265<\/u><\/p>\n<p>Chrome para Android: <u>https:\/\/support.googIe.com\/chrome\/answer\/114662?hI=es&amp;visit_id=637400243735165235-<\/u> <u>3593560368&amp;rd=1<\/u><\/p>\n<p>No obstante, la inhabilitacion de las cookies podria modificar el funcionamiento del sitio web. En caso de bloquear el uso de cookies en su navegador es posible que algunos servicios o funcionalidades del sitio web no est\u00e9n disponibles.<\/p>\n<p>Actualizacion de la polftica de cookies<\/p>\n<p>En el caso de que las caracterfsticas o fines de uso de las cookies de esta pagina web sean modificadas, se Ie informara acerca de esos cambios con el fin de recabar nuevamente su consentimiento en aquellos casos en que fuese necesario.<\/p>\n","protected":false},"excerpt":{"rendered":"<p>Informacion detallada del tratamiento de los Datos Personales Se recogen Datos Personales para las siguientes finalidades y utilizando los siguientes servicios: Estadfsticas Los servicios contenidos en esta seccion permiten al Titular monitorizar y analizar el trafico web y pueden ser utilizados para rastrear el comportamiento del Usuario. &nbsp; Google Analytics (Google Inc.) Google Analytics es [&hellip;]<\/p>\n","protected":false},"author":7,"featured_media":0,"parent":0,"menu_order":999,"comment_status":"closed","ping_status":"closed","template":"","meta":{"footnotes":""},"class_list":["post-322","page","type-page","status-publish","hentry"],"yoast_head":"<!-- This site is optimized with the Yoast SEO plugin v26.9 - https:\/\/yoast.com\/product\/yoast-seo-wordpress\/ -->\n<title>Politica Cookies Avenida - Hotel Avenida<\/title>\n<meta name=\"robots\" content=\"index, follow, max-snippet:-1, max-image-preview:large, max-video-preview:-1\" \/>\n<link rel=\"canonical\" href=\"https:\/\/avenida-es-hotel.ms.decms.eu\/en\/politica-cookies-avenida\/\" \/>\n<meta property=\"og:locale\" content=\"en_US\" \/>\n<meta property=\"og:type\" content=\"article\" \/>\n<meta property=\"og:title\" content=\"Politica Cookies Avenida - Hotel Avenida\" \/>\n<meta property=\"og:description\" content=\"Informacion detallada del tratamiento de los Datos Personales Se recogen Datos Personales para las siguientes finalidades y utilizando los siguientes servicios: Estadfsticas Los servicios contenidos en esta seccion permiten al Titular monitorizar y analizar el trafico web y pueden ser utilizados para rastrear el comportamiento del Usuario. &nbsp; Google Analytics (Google Inc.) Google Analytics es [&hellip;]\" \/>\n<meta property=\"og:url\" content=\"https:\/\/avenida-es-hotel.ms.decms.eu\/en\/politica-cookies-avenida\/\" \/>\n<meta property=\"og:site_name\" content=\"Hotel Avenida\" \/>\n<meta property=\"article:modified_time\" content=\"2022-11-18T15:08:20+00:00\" \/>\n<meta name=\"twitter:card\" content=\"summary_large_image\" \/>\n<meta name=\"twitter:label1\" content=\"Est. reading time\" \/>\n\t<meta name=\"twitter:data1\" content=\"4 minutes\" \/>\n<script type=\"application\/ld+json\" class=\"yoast-schema-graph\">{\"@context\":\"https:\/\/schema.org\",\"@graph\":[{\"@type\":\"WebPage\",\"@id\":\"https:\/\/avenida-es-hotel.ms.decms.eu\/en\/politica-cookies-avenida\/\",\"url\":\"https:\/\/avenida-es-hotel.ms.decms.eu\/en\/politica-cookies-avenida\/\",\"name\":\"Politica Cookies Avenida - Hotel Avenida\",\"isPartOf\":{\"@id\":\"https:\/\/avenida-es-hotel.ms.decms.eu\/en\/#website\"},\"datePublished\":\"2022-11-18T14:59:13+00:00\",\"dateModified\":\"2022-11-18T15:08:20+00:00\",\"breadcrumb\":{\"@id\":\"https:\/\/avenida-es-hotel.ms.decms.eu\/en\/politica-cookies-avenida\/#breadcrumb\"},\"inLanguage\":\"en-US\",\"potentialAction\":[{\"@type\":\"ReadAction\",\"target\":[\"https:\/\/avenida-es-hotel.ms.decms.eu\/en\/politica-cookies-avenida\/\"]}]},{\"@type\":\"BreadcrumbList\",\"@id\":\"https:\/\/avenida-es-hotel.ms.decms.eu\/en\/politica-cookies-avenida\/#breadcrumb\",\"itemListElement\":[{\"@type\":\"ListItem\",\"position\":1,\"name\":\"Home\",\"item\":\"https:\/\/avenida-es-hotel.ms.decms.eu\/en\/\"},{\"@type\":\"ListItem\",\"position\":2,\"name\":\"Politica Cookies Avenida\"}]},{\"@type\":\"WebSite\",\"@id\":\"https:\/\/avenida-es-hotel.ms.decms.eu\/en\/#website\",\"url\":\"https:\/\/avenida-es-hotel.ms.decms.eu\/en\/\",\"name\":\"Hotel Avenida\",\"description\":\"Just another ms.decms.eu site\",\"potentialAction\":[{\"@type\":\"SearchAction\",\"target\":{\"@type\":\"EntryPoint\",\"urlTemplate\":\"https:\/\/avenida-es-hotel.ms.decms.eu\/en\/?s={search_term_string}\"},\"query-input\":{\"@type\":\"PropertyValueSpecification\",\"valueRequired\":true,\"valueName\":\"search_term_string\"}}],\"inLanguage\":\"en-US\"}]}<\/script>\n<!-- \/ Yoast SEO plugin. -->","yoast_head_json":{"title":"Politica Cookies Avenida - Hotel Avenida","robots":{"index":"index","follow":"follow","max-snippet":"max-snippet:-1","max-image-preview":"max-image-preview:large","max-video-preview":"max-video-preview:-1"},"canonical":"https:\/\/avenida-es-hotel.ms.decms.eu\/en\/politica-cookies-avenida\/","og_locale":"en_US","og_type":"article","og_title":"Politica Cookies Avenida - Hotel Avenida","og_description":"Informacion detallada del tratamiento de los Datos Personales Se recogen Datos Personales para las siguientes finalidades y utilizando los siguientes servicios: Estadfsticas Los servicios contenidos en esta seccion permiten al Titular monitorizar y analizar el trafico web y pueden ser utilizados para rastrear el comportamiento del Usuario. &nbsp; Google Analytics (Google Inc.) Google Analytics es [&hellip;]","og_url":"https:\/\/avenida-es-hotel.ms.decms.eu\/en\/politica-cookies-avenida\/","og_site_name":"Hotel Avenida","article_modified_time":"2022-11-18T15:08:20+00:00","twitter_card":"summary_large_image","twitter_misc":{"Est. reading time":"4 minutes"},"schema":{"@context":"https:\/\/schema.org","@graph":[{"@type":"WebPage","@id":"https:\/\/avenida-es-hotel.ms.decms.eu\/en\/politica-cookies-avenida\/","url":"https:\/\/avenida-es-hotel.ms.decms.eu\/en\/politica-cookies-avenida\/","name":"Politica Cookies Avenida - Hotel Avenida","isPartOf":{"@id":"https:\/\/avenida-es-hotel.ms.decms.eu\/en\/#website"},"datePublished":"2022-11-18T14:59:13+00:00","dateModified":"2022-11-18T15:08:20+00:00","breadcrumb":{"@id":"https:\/\/avenida-es-hotel.ms.decms.eu\/en\/politica-cookies-avenida\/#breadcrumb"},"inLanguage":"en-US","potentialAction":[{"@type":"ReadAction","target":["https:\/\/avenida-es-hotel.ms.decms.eu\/en\/politica-cookies-avenida\/"]}]},{"@type":"BreadcrumbList","@id":"https:\/\/avenida-es-hotel.ms.decms.eu\/en\/politica-cookies-avenida\/#breadcrumb","itemListElement":[{"@type":"ListItem","position":1,"name":"Home","item":"https:\/\/avenida-es-hotel.ms.decms.eu\/en\/"},{"@type":"ListItem","position":2,"name":"Politica Cookies Avenida"}]},{"@type":"WebSite","@id":"https:\/\/avenida-es-hotel.ms.decms.eu\/en\/#website","url":"https:\/\/avenida-es-hotel.ms.decms.eu\/en\/","name":"Hotel Avenida","description":"Just another ms.decms.eu site","potentialAction":[{"@type":"SearchAction","target":{"@type":"EntryPoint","urlTemplate":"https:\/\/avenida-es-hotel.ms.decms.eu\/en\/?s={search_term_string}"},"query-input":{"@type":"PropertyValueSpecification","valueRequired":true,"valueName":"search_term_string"}}],"inLanguage":"en-US"}]}},"acf":[],"_links":{"self":[{"href":"https:\/\/avenida-es-hotel.ms.decms.eu\/en\/wp-json\/wp\/v2\/pages\/322","targetHints":{"allow":["GET"]}}],"collection":[{"href":"https:\/\/avenida-es-hotel.ms.decms.eu\/en\/wp-json\/wp\/v2\/pages"}],"about":[{"href":"https:\/\/avenida-es-hotel.ms.decms.eu\/en\/wp-json\/wp\/v2\/types\/page"}],"author":[{"embeddable":true,"href":"https:\/\/avenida-es-hotel.ms.decms.eu\/en\/wp-json\/wp\/v2\/users\/7"}],"replies":[{"embeddable":true,"href":"https:\/\/avenida-es-hotel.ms.decms.eu\/en\/wp-json\/wp\/v2\/comments?post=322"}],"version-history":[{"count":0,"href":"https:\/\/avenida-es-hotel.ms.decms.eu\/en\/wp-json\/wp\/v2\/pages\/322\/revisions"}],"wp:attachment":[{"href":"https:\/\/avenida-es-hotel.ms.decms.eu\/en\/wp-json\/wp\/v2\/media?parent=322"}],"curies":[{"name":"wp","href":"https:\/\/api.w.org\/{rel}","templated":true}]}}