{"id":118,"date":"2021-07-19T13:55:21","date_gmt":"2021-07-19T13:55:21","guid":{"rendered":"https:\/\/avenida-es-hotel.ms.decms.eu\/?page_id=118"},"modified":"2021-07-19T13:55:21","modified_gmt":"2021-07-19T13:55:21","slug":"position","status":"publish","type":"page","link":"https:\/\/avenida-es-hotel.ms.decms.eu\/en\/position\/","title":{"rendered":"Position"},"content":{"rendered":"<p>The <strong>Avenida Hotel<\/strong> is a hotel on Ronda de Outeiro in A Coru\u00f1a, one of the main entrance avenues of the city, which connects with the best beaches, the nearby villages and financial areas.<\/p>\n<p>It lies 50 metres away from A Coru\u00f1a&#8217;s train station and 100 metres from the bus station, really close to La Marina Avenue, Riazor beach and A Coru\u00f1a&#8217;s historic centre. Near the hotel, you will find the Mendez Nu\u00f1ez gardens, the Real and San Andres Streets, perfect areas for tapa-hopping, and the emblematic Maria Pita Square.<\/p>\n","protected":false},"excerpt":{"rendered":"<p>The Avenida Hotel is a hotel on Ronda de Outeiro in A Coru\u00f1a, one of the main entrance avenues of the city, which connects with the best beaches, the nearby villages and financial areas. It lies 50 metres away from A Coru\u00f1a&#8217;s train station and 100 metres from the bus station, really close to La [&hellip;]<\/p>\n","protected":false},"author":7,"featured_media":0,"parent":0,"menu_order":50,"comment_status":"closed","ping_status":"closed","template":"template-location.php","meta":{"footnotes":""},"class_list":["post-118","page","type-page","status-publish","hentry"],"yoast_head":"<!-- This site is optimized with the Yoast SEO plugin v26.9 - https:\/\/yoast.com\/product\/yoast-seo-wordpress\/ -->\n<title>Position - Hotel Avenida<\/title>\n<meta name=\"robots\" content=\"index, follow, max-snippet:-1, max-image-preview:large, max-video-preview:-1\" \/>\n<link rel=\"canonical\" href=\"https:\/\/avenida-es-hotel.ms.decms.eu\/en\/position\/\" \/>\n<meta property=\"og:locale\" content=\"en_US\" \/>\n<meta property=\"og:type\" content=\"article\" \/>\n<meta property=\"og:title\" content=\"Position - Hotel Avenida\" \/>\n<meta property=\"og:description\" content=\"The Avenida Hotel is a hotel on Ronda de Outeiro in A Coru\u00f1a, one of the main entrance avenues of the city, which connects with the best beaches, the nearby villages and financial areas. It lies 50 metres away from A Coru\u00f1a&#8217;s train station and 100 metres from the bus station, really close to La [&hellip;]\" \/>\n<meta property=\"og:url\" content=\"https:\/\/avenida-es-hotel.ms.decms.eu\/en\/position\/\" \/>\n<meta property=\"og:site_name\" content=\"Hotel Avenida\" \/>\n<meta name=\"twitter:card\" content=\"summary_large_image\" \/>\n<script type=\"application\/ld+json\" class=\"yoast-schema-graph\">{\"@context\":\"https:\/\/schema.org\",\"@graph\":[{\"@type\":\"WebPage\",\"@id\":\"https:\/\/avenida-es-hotel.ms.decms.eu\/en\/position\/\",\"url\":\"https:\/\/avenida-es-hotel.ms.decms.eu\/en\/position\/\",\"name\":\"Position - Hotel Avenida\",\"isPartOf\":{\"@id\":\"https:\/\/avenida-es-hotel.ms.decms.eu\/en\/#website\"},\"datePublished\":\"2021-07-19T13:55:21+00:00\",\"breadcrumb\":{\"@id\":\"https:\/\/avenida-es-hotel.ms.decms.eu\/en\/position\/#breadcrumb\"},\"inLanguage\":\"en-US\",\"potentialAction\":[{\"@type\":\"ReadAction\",\"target\":[\"https:\/\/avenida-es-hotel.ms.decms.eu\/en\/position\/\"]}]},{\"@type\":\"BreadcrumbList\",\"@id\":\"https:\/\/avenida-es-hotel.ms.decms.eu\/en\/position\/#breadcrumb\",\"itemListElement\":[{\"@type\":\"ListItem\",\"position\":1,\"name\":\"Home\",\"item\":\"https:\/\/avenida-es-hotel.ms.decms.eu\/en\/\"},{\"@type\":\"ListItem\",\"position\":2,\"name\":\"Position\"}]},{\"@type\":\"WebSite\",\"@id\":\"https:\/\/avenida-es-hotel.ms.decms.eu\/en\/#website\",\"url\":\"https:\/\/avenida-es-hotel.ms.decms.eu\/en\/\",\"name\":\"Hotel Avenida\",\"description\":\"Just another ms.decms.eu site\",\"potentialAction\":[{\"@type\":\"SearchAction\",\"target\":{\"@type\":\"EntryPoint\",\"urlTemplate\":\"https:\/\/avenida-es-hotel.ms.decms.eu\/en\/?s={search_term_string}\"},\"query-input\":{\"@type\":\"PropertyValueSpecification\",\"valueRequired\":true,\"valueName\":\"search_term_string\"}}],\"inLanguage\":\"en-US\"}]}<\/script>\n<!-- \/ Yoast SEO plugin. -->","yoast_head_json":{"title":"Position - Hotel Avenida","robots":{"index":"index","follow":"follow","max-snippet":"max-snippet:-1","max-image-preview":"max-image-preview:large","max-video-preview":"max-video-preview:-1"},"canonical":"https:\/\/avenida-es-hotel.ms.decms.eu\/en\/position\/","og_locale":"en_US","og_type":"article","og_title":"Position - Hotel Avenida","og_description":"The Avenida Hotel is a hotel on Ronda de Outeiro in A Coru\u00f1a, one of the main entrance avenues of the city, which connects with the best beaches, the nearby villages and financial areas. It lies 50 metres away from A Coru\u00f1a&#8217;s train station and 100 metres from the bus station, really close to La [&hellip;]","og_url":"https:\/\/avenida-es-hotel.ms.decms.eu\/en\/position\/","og_site_name":"Hotel Avenida","twitter_card":"summary_large_image","schema":{"@context":"https:\/\/schema.org","@graph":[{"@type":"WebPage","@id":"https:\/\/avenida-es-hotel.ms.decms.eu\/en\/position\/","url":"https:\/\/avenida-es-hotel.ms.decms.eu\/en\/position\/","name":"Position - Hotel Avenida","isPartOf":{"@id":"https:\/\/avenida-es-hotel.ms.decms.eu\/en\/#website"},"datePublished":"2021-07-19T13:55:21+00:00","breadcrumb":{"@id":"https:\/\/avenida-es-hotel.ms.decms.eu\/en\/position\/#breadcrumb"},"inLanguage":"en-US","potentialAction":[{"@type":"ReadAction","target":["https:\/\/avenida-es-hotel.ms.decms.eu\/en\/position\/"]}]},{"@type":"BreadcrumbList","@id":"https:\/\/avenida-es-hotel.ms.decms.eu\/en\/position\/#breadcrumb","itemListElement":[{"@type":"ListItem","position":1,"name":"Home","item":"https:\/\/avenida-es-hotel.ms.decms.eu\/en\/"},{"@type":"ListItem","position":2,"name":"Position"}]},{"@type":"WebSite","@id":"https:\/\/avenida-es-hotel.ms.decms.eu\/en\/#website","url":"https:\/\/avenida-es-hotel.ms.decms.eu\/en\/","name":"Hotel Avenida","description":"Just another ms.decms.eu site","potentialAction":[{"@type":"SearchAction","target":{"@type":"EntryPoint","urlTemplate":"https:\/\/avenida-es-hotel.ms.decms.eu\/en\/?s={search_term_string}"},"query-input":{"@type":"PropertyValueSpecification","valueRequired":true,"valueName":"search_term_string"}}],"inLanguage":"en-US"}]}},"acf":[],"_links":{"self":[{"href":"https:\/\/avenida-es-hotel.ms.decms.eu\/en\/wp-json\/wp\/v2\/pages\/118","targetHints":{"allow":["GET"]}}],"collection":[{"href":"https:\/\/avenida-es-hotel.ms.decms.eu\/en\/wp-json\/wp\/v2\/pages"}],"about":[{"href":"https:\/\/avenida-es-hotel.ms.decms.eu\/en\/wp-json\/wp\/v2\/types\/page"}],"author":[{"embeddable":true,"href":"https:\/\/avenida-es-hotel.ms.decms.eu\/en\/wp-json\/wp\/v2\/users\/7"}],"replies":[{"embeddable":true,"href":"https:\/\/avenida-es-hotel.ms.decms.eu\/en\/wp-json\/wp\/v2\/comments?post=118"}],"version-history":[{"count":0,"href":"https:\/\/avenida-es-hotel.ms.decms.eu\/en\/wp-json\/wp\/v2\/pages\/118\/revisions"}],"wp:attachment":[{"href":"https:\/\/avenida-es-hotel.ms.decms.eu\/en\/wp-json\/wp\/v2\/media?parent=118"}],"curies":[{"name":"wp","href":"https:\/\/api.w.org\/{rel}","templated":true}]}}